{"id":2808,"date":"2023-04-22T21:53:08","date_gmt":"2023-04-22T21:53:08","guid":{"rendered":"https:\/\/onlymoorea.com\/a-propos-de-nou\/"},"modified":"2023-06-08T22:18:19","modified_gmt":"2023-06-08T22:18:19","slug":"a-propos-de-nou","status":"publish","type":"page","link":"https:\/\/onlymoorea.com\/fr\/a-propos-de-nou\/","title":{"rendered":"\u00c0 propos de nou"},"content":{"rendered":"<p>Bienvenue \u00e0 \u00ab\u00a0Only Moorea\u00a0\u00bb, votre passerelle exclusive vers la beaut\u00e9 \u00e0 couper le souffle de l&rsquo;\u00eele de Moorea. Nich\u00e9 au c\u0153ur de la Polyn\u00e9sie fran\u00e7aise, notre service de r\u00e9servation de villas propose une s\u00e9lection tri\u00e9e sur le volet d&rsquo;h\u00e9bergements luxueux qui promettent une \u00e9vasion extraordinaire au paradis. Plongez dans les paysages enchanteurs, les plages immacul\u00e9es et les lagons turquoise tout en profitant du confort de nos villas soigneusement organis\u00e9es.<\/p>\n<p>Chaque villa de \u00ab\u00a0Only Moorea\u00a0\u00bb est un m\u00e9lange harmonieux de charme polyn\u00e9sien et d&rsquo;\u00e9l\u00e9gance moderne. Des retraites intimes d&rsquo;une chambre aux havres spacieux de plusieurs chambres, nos villas s&rsquo;adressent aux couples, aux familles et aux groupes de toutes tailles. R\u00e9veillez-vous avec une vue panoramique, montez sur votre terrasse priv\u00e9e et sentez la douce brise de l&rsquo;\u00eele.<\/p>\n<p>Savourez le luxe de votre environnement en vous relaxant au bord de votre piscine priv\u00e9e, entour\u00e9e de jardins luxuriants et de feuillages tropicaux. Avec un acc\u00e8s direct aux plages de sable blanc, vous pourrez profiter de la v\u00e9ritable essence des merveilles naturelles de Moorea.<\/p>\n<p>Chez \u00ab\u00a0Only Moorea\u00a0\u00bb, nous nous effor\u00e7ons de fournir un niveau de service et une attention aux d\u00e9tails in\u00e9gal\u00e9s, afin que votre s\u00e9jour sur l&rsquo;\u00eele de Moorea soit vraiment inoubliable. \u00c9vadez-vous au paradis avec nous et cr\u00e9ez des souvenirs pr\u00e9cieux qui dureront toute une vie. Vos vacances de r\u00eave commencent ici.<\/p>\n","protected":false},"excerpt":{"rendered":"<p>Bienvenue \u00e0 \u00ab\u00a0Only Moorea\u00a0\u00bb, votre passerelle exclusive vers la beaut\u00e9 \u00e0 couper le souffle de l&rsquo;\u00eele de Moorea. Nich\u00e9 au c\u0153ur de la Polyn\u00e9sie fran\u00e7aise, notre service de r\u00e9servation de villas propose une s\u00e9lection tri\u00e9e sur le volet d&rsquo;h\u00e9bergements luxueux qui promettent une \u00e9vasion extraordinaire au paradis. Plongez dans les paysages enchanteurs, les plages immacul\u00e9es [&hellip;]<\/p>\n","protected":false},"author":1,"featured_media":2778,"parent":0,"menu_order":0,"comment_status":"closed","ping_status":"closed","template":"","meta":{"footnotes":""},"class_list":["post-2808","page","type-page","status-publish","has-post-thumbnail","hentry"],"_links":{"self":[{"href":"https:\/\/onlymoorea.com\/fr\/wp-json\/wp\/v2\/pages\/2808","targetHints":{"allow":["GET"]}}],"collection":[{"href":"https:\/\/onlymoorea.com\/fr\/wp-json\/wp\/v2\/pages"}],"about":[{"href":"https:\/\/onlymoorea.com\/fr\/wp-json\/wp\/v2\/types\/page"}],"author":[{"embeddable":true,"href":"https:\/\/onlymoorea.com\/fr\/wp-json\/wp\/v2\/users\/1"}],"replies":[{"embeddable":true,"href":"https:\/\/onlymoorea.com\/fr\/wp-json\/wp\/v2\/comments?post=2808"}],"version-history":[{"count":1,"href":"https:\/\/onlymoorea.com\/fr\/wp-json\/wp\/v2\/pages\/2808\/revisions"}],"predecessor-version":[{"id":3120,"href":"https:\/\/onlymoorea.com\/fr\/wp-json\/wp\/v2\/pages\/2808\/revisions\/3120"}],"wp:featuredmedia":[{"embeddable":true,"href":"https:\/\/onlymoorea.com\/fr\/wp-json\/wp\/v2\/media\/2778"}],"wp:attachment":[{"href":"https:\/\/onlymoorea.com\/fr\/wp-json\/wp\/v2\/media?parent=2808"}],"curies":[{"name":"wp","href":"https:\/\/api.w.org\/{rel}","templated":true}]}}